{"id":2742,"date":"2025-12-12T18:40:35","date_gmt":"2025-12-12T17:40:35","guid":{"rendered":"https:\/\/www.sanacon.be\/blog\/"},"modified":"2026-02-20T12:41:04","modified_gmt":"2026-02-20T11:41:04","slug":"blog","status":"publish","type":"page","link":"https:\/\/www.sanacon.be\/fr\/blog\/","title":{"rendered":"Blog"},"content":{"rendered":"<!--\n Title: Intro\n-->\n\n<section\n    class=\"gc-intro gc-intro--no-margin-bottom\">\n        <!--\n    Title: Container\n    Mode: preview\n    SupportsJSX: true\n    Blueprint: false\n-->\n\n\n<div class=\"gc-container gc-container--\">\n    <div class=\"gc-breadcrumbs\">\n    <nav aria-label=\"breadcrumbs\" class=\"rank-math-breadcrumb\"><p><span class=\"last\">Home<\/span><\/p><\/nav><\/div>\n                <h1 class=\"gc-intro__title\">\n            BLOG\n        <\/h1>\n                    <div class=\"gc-intro__description\">\n                <div>Vous trouverez ici les derni\u00e8res actualit\u00e9s concernant nos projets, nos \u00e9quipes et tout ce que nous souhaitons partager avec nos clients, fournisseurs et partenaires.<\/div>\n\n            <\/div>\n<\/div>\n<\/section>\n<!--\n    Title: Posts Overview\n    Mode: preview\n-->\n\n<section\n    >\n        <div wire:snapshot=\"{&quot;data&quot;:{&quot;currentCategory&quot;:&quot;&quot;,&quot;activePage&quot;:1,&quot;pages&quot;:1,&quot;search&quot;:&quot;&quot;},&quot;memo&quot;:{&quot;id&quot;:&quot;eGITzCYP4nPxioDpOIIC&quot;,&quot;name&quot;:&quot;posts-overview&quot;,&quot;path&quot;:&quot;fr\\\/wp-json\\\/wp\\\/v2\\\/pages\\\/2742&quot;,&quot;method&quot;:&quot;GET&quot;,&quot;release&quot;:&quot;a-a-a&quot;,&quot;children&quot;:[],&quot;scripts&quot;:[],&quot;assets&quot;:[],&quot;errors&quot;:[],&quot;locale&quot;:&quot;en_US&quot;},&quot;checksum&quot;:&quot;4ee8d0f9bc4a799eab001e88bc3fae949b7bc44892744fedb83aa34446278d84&quot;}\" wire:effects=\"{&quot;url&quot;:{&quot;currentCategory&quot;:{&quot;as&quot;:&quot;category&quot;,&quot;use&quot;:&quot;replace&quot;,&quot;alwaysShow&quot;:false,&quot;except&quot;:&quot;&quot;},&quot;activePage&quot;:{&quot;as&quot;:null,&quot;use&quot;:&quot;replace&quot;,&quot;alwaysShow&quot;:false,&quot;except&quot;:1},&quot;search&quot;:{&quot;as&quot;:null,&quot;use&quot;:&quot;replace&quot;,&quot;alwaysShow&quot;:false,&quot;except&quot;:&quot;&quot;}}}\" wire:id=\"eGITzCYP4nPxioDpOIIC\" class=\"gc-posts-overview\" id=\"overview\">\n    <!--\n    Title: Container\n    Mode: preview\n    SupportsJSX: true\n    Blueprint: false\n-->\n\n\n<div class=\"gc-container gc-container--narrow gc-container--has-margin gc-posts-overview__container\" wire:loading.class=\"gc-posts-overview__container--loading\">\n    <div class=\"gc-posts-overview__top\">\n            <fieldset class=\"gc-posts-overview__search\">\n    <input class=\"gc-posts-overview__search-input\" type=\"search\" placeholder=\"Recherche\"\n        wire:model.live.debounce.800ms=\"search\">\n    <svg class='gc-posts-overview__search-icon' xmlns=\"http:\/\/www.w3.org\/2000\/svg\" viewBox=\"0 0 512 512\"><!--! Font Awesome Pro 6.5.1 by @fontawesome - https:\/\/fontawesome.com License - https:\/\/fontawesome.com\/license (Commercial License) Copyright 2023 Fonticons, Inc. --><path d=\"M368 208A160 160 0 1 0 48 208a160 160 0 1 0 320 0zM337.1 371.1C301.7 399.2 256.8 416 208 416C93.1 416 0 322.9 0 208S93.1 0 208 0S416 93.1 416 208c0 48.8-16.8 93.7-44.9 129.1L505 471c9.4 9.4 9.4 24.6 0 33.9s-24.6 9.4-33.9 0L337.1 371.1z\"\/><\/svg><\/fieldset>\n            <div class=\"gc-posts-overview__categories\">\n    <h5 class=\"gc-posts-overview__category-title\">Cat\u00e9gories<\/h5>\n    <select wire:model.live=\"currentCategory\" class=\"gc-posts-overview__select\">\n        <option value=\"\">Tous<\/option>\n        <!--[if BLOCK]><![endif]-->            <option value=\"Amusant\">Amusant<\/option>\n                    <option value=\"Anniversaire de travail\">Anniversaire de travail<\/option>\n                    <option value=\"G\u00e9n\u00e9ral\">G\u00e9n\u00e9ral<\/option>\n        <!--[if ENDBLOCK]><![endif]-->    <\/select>\n<\/div>\n        <\/div>\n        <div>\n            <!--[if BLOCK]><![endif]-->                <div class=\"gc-posts-overview__list\">\n                    <!--[if BLOCK]><![endif]-->                        <li class=\"gc-post-item\">\n    <a class=\"gc-post-item__link\" href=\"https:\/\/www.sanacon.be\/fr\/anniversaire-de-loeuvre-de-karlien\/\">\n        <div class=\"gc-post-item__image-wrapper\">\n            <img decoding=\"async\" width=\"1024\" height=\"1024\" src=\"https:\/\/cdn.sanacon.be\/wp-content\/uploads\/Afbeelding-van-WhatsApp-op-2025-04-30-om-15.54.39_c015cc9d-1-1-1024x1024.jpg\" class=\"gc-post-item__image\" alt=\"\" srcset=\"https:\/\/cdn.sanacon.be\/wp-content\/uploads\/Afbeelding-van-WhatsApp-op-2025-04-30-om-15.54.39_c015cc9d-1-1-1024x1024.jpg 1024w, https:\/\/cdn.sanacon.be\/wp-content\/uploads\/Afbeelding-van-WhatsApp-op-2025-04-30-om-15.54.39_c015cc9d-1-1-300x300.jpg 300w, https:\/\/cdn.sanacon.be\/wp-content\/uploads\/Afbeelding-van-WhatsApp-op-2025-04-30-om-15.54.39_c015cc9d-1-1-150x150.jpg 150w, https:\/\/cdn.sanacon.be\/wp-content\/uploads\/Afbeelding-van-WhatsApp-op-2025-04-30-om-15.54.39_c015cc9d-1-1-768x768.jpg 768w, https:\/\/cdn.sanacon.be\/wp-content\/uploads\/Afbeelding-van-WhatsApp-op-2025-04-30-om-15.54.39_c015cc9d-1-1.jpg 1086w\" sizes=\"(max-width: 1024px) 100vw, 1024px\" \/>        <\/div>\n        <div class=\"gc-post-item__info fs-tiny\">\n            <div>Anniversaire de travail<\/div>\n            <div class=\"gc-post-item__decorator\"><\/div>\n            <div>15.01.2026<\/div>\n        <\/div>\n        <h3 class=\"gc-post-item__title h4\">Anniversaire de l&#8217;\u0153uvre de Karlien<\/h3>\n    <\/a>\n<\/li>\n                                            <li class=\"gc-post-item\">\n    <a class=\"gc-post-item__link\" href=\"https:\/\/www.sanacon.be\/fr\/%e2%9c%a8-joyeuses-fetes-%e2%9c%a8\/\">\n        <div class=\"gc-post-item__image-wrapper\">\n            <img decoding=\"async\" width=\"1024\" height=\"1024\" src=\"https:\/\/cdn.sanacon.be\/wp-content\/uploads\/1766488620841-1024x1024.jpg\" class=\"gc-post-item__image\" alt=\"\" srcset=\"https:\/\/cdn.sanacon.be\/wp-content\/uploads\/1766488620841-1024x1024.jpg 1024w, https:\/\/cdn.sanacon.be\/wp-content\/uploads\/1766488620841-300x300.jpg 300w, https:\/\/cdn.sanacon.be\/wp-content\/uploads\/1766488620841-150x150.jpg 150w, https:\/\/cdn.sanacon.be\/wp-content\/uploads\/1766488620841-768x768.jpg 768w, https:\/\/cdn.sanacon.be\/wp-content\/uploads\/1766488620841.jpg 1200w\" sizes=\"(max-width: 1024px) 100vw, 1024px\" \/>        <\/div>\n        <div class=\"gc-post-item__info fs-tiny\">\n            <div>Amusant<\/div>\n            <div class=\"gc-post-item__decorator\"><\/div>\n            <div>01.01.2026<\/div>\n        <\/div>\n        <h3 class=\"gc-post-item__title h4\">\u2728 Joyeuses f\u00eates ! \u2728<\/h3>\n    <\/a>\n<\/li>\n                                            <li class=\"gc-post-item\">\n    <a class=\"gc-post-item__link\" href=\"https:\/\/www.sanacon.be\/fr\/sanacon-recrute\/\">\n        <div class=\"gc-post-item__image-wrapper\">\n            <img decoding=\"async\" width=\"1024\" height=\"1024\" src=\"https:\/\/cdn.sanacon.be\/wp-content\/uploads\/1767172074572-1024x1024.jpg\" class=\"gc-post-item__image\" alt=\"\" srcset=\"https:\/\/cdn.sanacon.be\/wp-content\/uploads\/1767172074572-1024x1024.jpg 1024w, https:\/\/cdn.sanacon.be\/wp-content\/uploads\/1767172074572-300x300.jpg 300w, https:\/\/cdn.sanacon.be\/wp-content\/uploads\/1767172074572-150x150.jpg 150w, https:\/\/cdn.sanacon.be\/wp-content\/uploads\/1767172074572-768x768.jpg 768w, https:\/\/cdn.sanacon.be\/wp-content\/uploads\/1767172074572.jpg 1200w\" sizes=\"(max-width: 1024px) 100vw, 1024px\" \/>        <\/div>\n        <div class=\"gc-post-item__info fs-tiny\">\n            <div>G\u00e9n\u00e9ral<\/div>\n            <div class=\"gc-post-item__decorator\"><\/div>\n            <div>12.12.2025<\/div>\n        <\/div>\n        <h3 class=\"gc-post-item__title h4\">Sanacon recrute !<\/h3>\n    <\/a>\n<\/li>\n                                            <li class=\"gc-post-item\">\n    <a class=\"gc-post-item__link\" href=\"https:\/\/www.sanacon.be\/fr\/sanacon-une-mission-un-impact-infini\/\">\n        <div class=\"gc-post-item__image-wrapper\">\n            <img decoding=\"async\" width=\"1024\" height=\"552\" src=\"https:\/\/cdn.sanacon.be\/wp-content\/uploads\/1765211551004-1024x552.jpg\" class=\"gc-post-item__image\" alt=\"\" srcset=\"https:\/\/cdn.sanacon.be\/wp-content\/uploads\/1765211551004-1024x552.jpg 1024w, https:\/\/cdn.sanacon.be\/wp-content\/uploads\/1765211551004-300x162.jpg 300w, https:\/\/cdn.sanacon.be\/wp-content\/uploads\/1765211551004-768x414.jpg 768w, https:\/\/cdn.sanacon.be\/wp-content\/uploads\/1765211551004-1536x827.jpg 1536w, https:\/\/cdn.sanacon.be\/wp-content\/uploads\/1765211551004.jpg 2048w\" sizes=\"(max-width: 1024px) 100vw, 1024px\" \/>        <\/div>\n        <div class=\"gc-post-item__info fs-tiny\">\n            <div>G\u00e9n\u00e9ral<\/div>\n            <div class=\"gc-post-item__decorator\"><\/div>\n            <div>30.11.2025<\/div>\n        <\/div>\n        <h3 class=\"gc-post-item__title h4\">SANACON : Une mission, un impact infini.<\/h3>\n    <\/a>\n<\/li>\n                    <!--[if ENDBLOCK]><![endif]-->                <\/div>\n                            <!--[if ENDBLOCK]><![endif]-->        <\/div>\n<\/div>\n<\/div>\n<\/section>\n<!--\n Title: Newsletter\n-->\n\n<section\n    class=\"gc-newsletter\">\n        <!--\n    Title: Container\n    Mode: preview\n    SupportsJSX: true\n    Blueprint: false\n-->\n\n\n<div class=\"gc-container gc-container--has-margin\">\n    <div class=\"gc-newsletter__container\">\n            <div class=\"gc-newsletter__content\">\n                                    <h2 class=\"gc-newsletter__title\">\n                        ABONNEZ-VOUS \u00c0 NOTRE NEWSLETTER\n                    <\/h2>\n                \n                            <\/div>\n\n                            <div class=\"gc-newsletter__form\">\n                    <script>\nvar gform;gform||(document.addEventListener(\"gform_main_scripts_loaded\",function(){gform.scriptsLoaded=!0}),document.addEventListener(\"gform\/theme\/scripts_loaded\",function(){gform.themeScriptsLoaded=!0}),window.addEventListener(\"DOMContentLoaded\",function(){gform.domLoaded=!0}),gform={domLoaded:!1,scriptsLoaded:!1,themeScriptsLoaded:!1,isFormEditor:()=>\"function\"==typeof InitializeEditor,callIfLoaded:function(o){return!(!gform.domLoaded||!gform.scriptsLoaded||!gform.themeScriptsLoaded&&!gform.isFormEditor()||(gform.isFormEditor()&&console.warn(\"The use of gform.initializeOnLoaded() is deprecated in the form editor context and will be removed in Gravity Forms 3.1.\"),o(),0))},initializeOnLoaded:function(o){gform.callIfLoaded(o)||(document.addEventListener(\"gform_main_scripts_loaded\",()=>{gform.scriptsLoaded=!0,gform.callIfLoaded(o)}),document.addEventListener(\"gform\/theme\/scripts_loaded\",()=>{gform.themeScriptsLoaded=!0,gform.callIfLoaded(o)}),window.addEventListener(\"DOMContentLoaded\",()=>{gform.domLoaded=!0,gform.callIfLoaded(o)}))},hooks:{action:{},filter:{}},addAction:function(o,r,e,t){gform.addHook(\"action\",o,r,e,t)},addFilter:function(o,r,e,t){gform.addHook(\"filter\",o,r,e,t)},doAction:function(o){gform.doHook(\"action\",o,arguments)},applyFilters:function(o){return gform.doHook(\"filter\",o,arguments)},removeAction:function(o,r){gform.removeHook(\"action\",o,r)},removeFilter:function(o,r,e){gform.removeHook(\"filter\",o,r,e)},addHook:function(o,r,e,t,n){null==gform.hooks[o][r]&&(gform.hooks[o][r]=[]);var d=gform.hooks[o][r];null==n&&(n=r+\"_\"+d.length),gform.hooks[o][r].push({tag:n,callable:e,priority:t=null==t?10:t})},doHook:function(r,o,e){var t;if(e=Array.prototype.slice.call(e,1),null!=gform.hooks[r][o]&&((o=gform.hooks[r][o]).sort(function(o,r){return o.priority-r.priority}),o.forEach(function(o){\"function\"!=typeof(t=o.callable)&&(t=window[t]),\"action\"==r?t.apply(null,e):e[0]=t.apply(null,e)})),\"filter\"==r)return e[0]},removeHook:function(o,r,t,n){var e;null!=gform.hooks[o][r]&&(e=(e=gform.hooks[o][r]).filter(function(o,r,e){return!!(null!=n&&n!=o.tag||null!=t&&t!=o.priority)}),gform.hooks[o][r]=e)}});\n<\/script>\n\n                <div class='gf_browser_gecko gform_wrapper gravity-theme gform-theme--no-framework' data-form-theme='gravity-theme' data-form-index='0' id='gform_wrapper_4' ><form method='post' enctype='multipart\/form-data' target='gform_ajax_frame_4' id='gform_4'  action='\/fr\/wp-json\/wp\/v2\/pages\/2742' data-formid='4' novalidate>\n                        <div class='gform-body gform_body'><div id='gform_fields_4' class='gform_fields top_label form_sublabel_below description_below validation_below'><div id=\"field_4_1\" class=\"gfield gfield--type-email gfield--input-type-email gfield_contains_required field_sublabel_below gfield--no-description field_description_below field_validation_below gfield_visibility_visible\"  ><label class='gfield_label gform-field-label' for='input_4_1'>Courriel :<span class=\"gfield_required\"><span class=\"gfield_required gfield_required_text\">(N\u00e9cessaire)<\/span><\/span><\/label><div class='ginput_container ginput_container_email'>\n                            <input name='input_1' id='input_4_1' type='email' value='' class='large'    aria-required=\"true\" aria-invalid=\"false\"  \/>\n                        <\/div><\/div><\/div><\/div>\n        <div class='gform-footer gform_footer top_label'> <label class=\"gc-submit-button\" tabindex=\"0\">\n    <button class=\"gc-submit-button__inner\" id=\"gform_submit_button_4\" type=\"submit\">\n        S&#039;ABONNER\n    <\/button>\n<\/label>\n <input type='hidden' name='gform_ajax' value='form_id=4&amp;title=&amp;description=&amp;tabindex=0&amp;theme=gravity-theme&amp;styles=[]&amp;hash=4801ec820dab1728a5b14332c5940151' \/>\n            <input type='hidden' class='gform_hidden' name='gform_submission_method' data-js='gform_submission_method_4' value='iframe' \/>\n            <input type='hidden' class='gform_hidden' name='gform_theme' data-js='gform_theme_4' id='gform_theme_4' value='gravity-theme' \/>\n            <input type='hidden' class='gform_hidden' name='gform_style_settings' data-js='gform_style_settings_4' id='gform_style_settings_4' value='[]' \/>\n            <input type='hidden' class='gform_hidden' name='is_submit_4' value='1' \/>\n            <input type='hidden' class='gform_hidden' name='gform_submit' value='4' \/>\n            \n            <input type='hidden' class='gform_hidden' name='gform_currency' data-currency='EUR' value='Q4RYsWVZZyv+fve0qPl\/7Sce+drjSWx3x09S18ccoGs7zvTe07lOCD8rK+Qxwg5aAwPk8JghJSIP+vezvadLa4P2qg9SW+4IZx+PN9WxpuPEnkY=' \/>\n            <input type='hidden' class='gform_hidden' name='gform_unique_id' value='' \/>\n            <input type='hidden' class='gform_hidden' name='state_4' value='WyJbXSIsImQwMzQyNWIyNzgzMDlkNTFkNzg1ZTI2YmMwZTY1M2Q2Il0=' \/>\n            <input type='hidden' autocomplete='off' class='gform_hidden' name='gform_target_page_number_4' id='gform_target_page_number_4' value='0' \/>\n            <input type='hidden' autocomplete='off' class='gform_hidden' name='gform_source_page_number_4' id='gform_source_page_number_4' value='1' \/>\n            <input type='hidden' name='gform_field_values' value='' \/>\n            \n        <\/div>\n                        <input type=\"hidden\" id=\"ct_checkjs_6c3cf77d52820cd0fe646d38bc2145ca\" name=\"ct_checkjs\" value=\"0\" \/><input\n                    class=\"apbct_special_field apbct_email_id__gravity_form\"\n                    name=\"apbct__email_id__gravity_form\"\n                    aria-label=\"apbct__label_id__gravity_form\"\n                    type=\"text\" size=\"30\" maxlength=\"200\" autocomplete=\"off\"\n                    value=\"\"\n                \/><\/form>\n                        <\/div>\n\t\t                <iframe style='display:none;width:0px;height:0px;' src='about:blank' name='gform_ajax_frame_4' id='gform_ajax_frame_4' title='Cette iframe contient la logique n\u00e9cessaire pour manipuler Gravity Forms avec Ajax.'><\/iframe>\n\t\t                <script>\ngform.initializeOnLoaded( function() {gformInitSpinner( 4, 'https:\/\/www.sanacon.be\/wp-content\/plugins\/gravityforms\/images\/spinner.svg', true );jQuery('#gform_ajax_frame_4').on('load',function(){var contents = jQuery(this).contents().find('*').html();var is_postback = contents.indexOf('GF_AJAX_POSTBACK') >= 0;if(!is_postback){return;}var form_content = jQuery(this).contents().find('#gform_wrapper_4');var is_confirmation = jQuery(this).contents().find('#gform_confirmation_wrapper_4').length > 0;var is_redirect = contents.indexOf('gformRedirect(){') >= 0;var is_form = form_content.length > 0 && ! is_redirect && ! is_confirmation;var mt = parseInt(jQuery('html').css('margin-top'), 10) + parseInt(jQuery('body').css('margin-top'), 10) + 100;if(is_form){jQuery('#gform_wrapper_4').html(form_content.html());if(form_content.hasClass('gform_validation_error')){jQuery('#gform_wrapper_4').addClass('gform_validation_error');} else {jQuery('#gform_wrapper_4').removeClass('gform_validation_error');}setTimeout( function() { \/* delay the scroll by 50 milliseconds to fix a bug in chrome *\/  }, 50 );if(window['gformInitDatepicker']) {gformInitDatepicker();}if(window['gformInitPriceFields']) {gformInitPriceFields();}var current_page = jQuery('#gform_source_page_number_4').val();gformInitSpinner( 4, 'https:\/\/www.sanacon.be\/wp-content\/plugins\/gravityforms\/images\/spinner.svg', true );jQuery(document).trigger('gform_page_loaded', [4, current_page]);window['gf_submitting_4'] = false;}else if(!is_redirect){var confirmation_content = jQuery(this).contents().find('.GF_AJAX_POSTBACK').html();if(!confirmation_content){confirmation_content = contents;}jQuery('#gform_wrapper_4').replaceWith(confirmation_content);jQuery(document).trigger('gform_confirmation_loaded', [4]);window['gf_submitting_4'] = false;wp.a11y.speak(jQuery('#gform_confirmation_message_4').text());}else{jQuery('#gform_4').append(contents);if(window['gformRedirect']) {gformRedirect();}}jQuery(document).trigger(\"gform_pre_post_render\", [{ formId: \"4\", currentPage: \"current_page\", abort: function() { this.preventDefault(); } }]);        if (event && event.defaultPrevented) {                return;        }        const gformWrapperDiv = document.getElementById( \"gform_wrapper_4\" );        if ( gformWrapperDiv ) {            const visibilitySpan = document.createElement( \"span\" );            visibilitySpan.id = \"gform_visibility_test_4\";            gformWrapperDiv.insertAdjacentElement( \"afterend\", visibilitySpan );        }        const visibilityTestDiv = document.getElementById( \"gform_visibility_test_4\" );        let postRenderFired = false;        function triggerPostRender() {            if ( postRenderFired ) {                return;            }            postRenderFired = true;            gform.core.triggerPostRenderEvents( 4, current_page );            if ( visibilityTestDiv ) {                visibilityTestDiv.parentNode.removeChild( visibilityTestDiv );            }        }        function debounce( func, wait, immediate ) {            var timeout;            return function() {                var context = this, args = arguments;                var later = function() {                    timeout = null;                    if ( !immediate ) func.apply( context, args );                };                var callNow = immediate && !timeout;                clearTimeout( timeout );                timeout = setTimeout( later, wait );                if ( callNow ) func.apply( context, args );            };        }        const debouncedTriggerPostRender = debounce( function() {            triggerPostRender();        }, 200 );        if ( visibilityTestDiv && visibilityTestDiv.offsetParent === null ) {            const observer = new MutationObserver( ( mutations ) => {                mutations.forEach( ( mutation ) => {                    if ( mutation.type === 'attributes' && visibilityTestDiv.offsetParent !== null ) {                        debouncedTriggerPostRender();                        observer.disconnect();                    }                });            });            observer.observe( document.body, {                attributes: true,                childList: false,                subtree: true,                attributeFilter: [ 'style', 'class' ],            });        } else {            triggerPostRender();        }    } );} );\n<\/script>\n                <\/div>\n            \n            <svg class='gc-newsletter__arches' width=\"500\" height=\"449\" viewBox=\"0 0 500 449\" fill=\"none\" xmlns=\"http:\/\/www.w3.org\/2000\/svg\">\n<g opacity=\"0.2\">\n<path d=\"M419.557 445.374C432.478 445.374 445.225 439.421 453.416 428.173C469.489 406.102 481.123 381.446 487.997 354.804L488.32 353.534C502.349 297.602 493.802 239.558 464.19 190.062C434.832 140.986 388.24 106.156 332.931 91.9054L331.623 91.5724C304.347 84.7163 276.46 83.24 248.824 87.1398H248.825C226.279 90.3576 210.495 110.958 213.108 133.455L213.247 134.528C216.491 157.454 237.714 173.265 260.603 170.137V170.136C277.414 167.741 294.5 168.638 311.208 172.874C381.797 190.602 424.809 262.497 407.086 333.084V333.085L406.683 334.642C402.442 350.686 395.404 365.528 385.755 378.774C372.136 397.469 376.219 423.68 394.902 437.326C402.356 442.762 410.978 445.374 419.557 445.374Z\" stroke=\"#C13E3E\" stroke-width=\"1.7094\"\/>\n<path d=\"M216.702 357.097C223.773 357.097 230.826 356.769 237.864 356.065L239.272 355.919C262.275 353.47 278.942 332.857 276.535 309.84C274.087 286.839 253.667 270.276 230.473 272.557H230.472C215.127 274.197 199.626 273.06 184.489 269.269H184.488C113.912 251.52 70.8988 179.644 88.6211 109.004C92.4583 93.6663 98.8908 79.3599 107.736 66.4807C120.824 47.407 115.962 21.3253 96.9131 8.21606C78.1495 -4.67549 52.5997 -0.182356 39.29 18.1565L38.666 19.0403C24.1807 40.1693 13.6394 63.574 7.37402 88.5852C-21.5912 204.047 48.6976 321.558 164.071 350.555C181.405 354.914 199.024 357.097 216.702 357.097Z\" stroke=\"#C13E3E\" stroke-width=\"1.7094\"\/>\n<\/g>\n<\/svg>\n        <\/div>\n<\/div>\n<\/section>\n<!--\n    Title: Content with visual\n    HideFieldsInSidebar: true\n-->\n\n<section\n    class=\"gc-section gc-section--red gc-cwv gc-cwv--remove-margin-top gc-cwv--remove-margin-bottom\">\n            <div class=\"gc-section__decorator gc-section__decorator--left gc-section__decorator--big\"><\/div>\n        <!--\n    Title: Container\n    Mode: preview\n    SupportsJSX: true\n    Blueprint: false\n-->\n\n\n<div class=\"gc-container gc-container--has-margin gc-cwv__container\">\n    <div class=\"gc-cwv__first-column\">\n            <figure class=\"gc-cwv__image-wrapper\">\n            <img decoding=\"async\" width=\"1024\" height=\"683\" src=\"https:\/\/cdn.sanacon.be\/wp-content\/uploads\/iso800-Sanacon-28-november-2025-578-Groot-1024x683.jpg\" class=\"gc-cwv__image\" alt=\"\" data-no-lazy=\"\" srcset=\"https:\/\/cdn.sanacon.be\/wp-content\/uploads\/iso800-Sanacon-28-november-2025-578-Groot-1024x683.jpg 1024w, https:\/\/cdn.sanacon.be\/wp-content\/uploads\/iso800-Sanacon-28-november-2025-578-Groot-300x200.jpg 300w, https:\/\/cdn.sanacon.be\/wp-content\/uploads\/iso800-Sanacon-28-november-2025-578-Groot-768x512.jpg 768w, https:\/\/cdn.sanacon.be\/wp-content\/uploads\/iso800-Sanacon-28-november-2025-578-Groot-1536x1024.jpg 1536w, https:\/\/cdn.sanacon.be\/wp-content\/uploads\/iso800-Sanacon-28-november-2025-578-Groot.jpg 1620w\" sizes=\"(max-width: 1024px) 100vw, 1024px\" \/>        <\/figure>\n            <\/div>\n        <div class=\"gc-cwv__second-column\">\n            <h2 class=\"gc-cwv__title h2\">\n\t\tNous sommes heureux de vous aider\n\t<\/h2>    \n            <div class=\"gc-cwv__text\">\n            <div>Votre structure m\u00e9rite un avenir. La prot\u00e9ger contre la d\u00e9t\u00e9rioration, renforcer sa capacit\u00e9 portante et prolonger sa dur\u00e9e de vie sont essentiels pour pr\u00e9venir les dommages et les co\u00fbts \u00e9lev\u00e9s. Sanacon vous propose des conseils ind\u00e9pendants et des solutions innovantes pour garantir la durabilit\u00e9 et la s\u00e9curit\u00e9 de votre structure, aujourd&#8217;hui et pour les d\u00e9cennies \u00e0 venir.  <\/div>\n\n        <\/div>\n    \n    \n            <svg class='gc-cwv__arches' width=\"500\" height=\"449\" viewBox=\"0 0 500 449\" fill=\"none\" xmlns=\"http:\/\/www.w3.org\/2000\/svg\">\n<g opacity=\"0.2\">\n<path d=\"M419.557 445.374C432.478 445.374 445.225 439.421 453.416 428.173C469.489 406.102 481.123 381.446 487.997 354.804L488.32 353.534C502.349 297.602 493.802 239.558 464.19 190.062C434.832 140.986 388.24 106.156 332.931 91.9054L331.623 91.5724C304.347 84.7163 276.46 83.24 248.824 87.1398H248.825C226.279 90.3576 210.495 110.958 213.108 133.455L213.247 134.528C216.491 157.454 237.714 173.265 260.603 170.137V170.136C277.414 167.741 294.5 168.638 311.208 172.874C381.797 190.602 424.809 262.497 407.086 333.084V333.085L406.683 334.642C402.442 350.686 395.404 365.528 385.755 378.774C372.136 397.469 376.219 423.68 394.902 437.326C402.356 442.762 410.978 445.374 419.557 445.374Z\" stroke=\"#C13E3E\" stroke-width=\"1.7094\"\/>\n<path d=\"M216.702 357.097C223.773 357.097 230.826 356.769 237.864 356.065L239.272 355.919C262.275 353.47 278.942 332.857 276.535 309.84C274.087 286.839 253.667 270.276 230.473 272.557H230.472C215.127 274.197 199.626 273.06 184.489 269.269H184.488C113.912 251.52 70.8988 179.644 88.6211 109.004C92.4583 93.6663 98.8908 79.3599 107.736 66.4807C120.824 47.407 115.962 21.3253 96.9131 8.21606C78.1495 -4.67549 52.5997 -0.182356 39.29 18.1565L38.666 19.0403C24.1807 40.1693 13.6394 63.574 7.37402 88.5852C-21.5912 204.047 48.6976 321.558 164.071 350.555C181.405 354.914 199.024 357.097 216.702 357.097Z\" stroke=\"#C13E3E\" stroke-width=\"1.7094\"\/>\n<\/g>\n<\/svg>\n    \n    \n            <div class=\"gc-cwv__buttons\">\n                            <a\n        href=\"https:\/\/www.sanacon.be\/fr\/contact\/\" class=\"gc-button gc-button--red\">\n                    Contact\n        \n            <\/a>\n                            <\/div>\n    \n            <\/div>\n<\/div>\n<\/section>\n","protected":false},"excerpt":{"rendered":"","protected":false},"author":1,"featured_media":0,"parent":0,"menu_order":0,"comment_status":"closed","ping_status":"closed","template":"","meta":{"_acf_changed":false,"footnotes":""},"class_list":["post-2742","page","type-page","status-publish","hentry"],"acf":[],"_links":{"self":[{"href":"https:\/\/www.sanacon.be\/fr\/wp-json\/wp\/v2\/pages\/2742","targetHints":{"allow":["GET"]}}],"collection":[{"href":"https:\/\/www.sanacon.be\/fr\/wp-json\/wp\/v2\/pages"}],"about":[{"href":"https:\/\/www.sanacon.be\/fr\/wp-json\/wp\/v2\/types\/page"}],"author":[{"embeddable":true,"href":"https:\/\/www.sanacon.be\/fr\/wp-json\/wp\/v2\/users\/1"}],"replies":[{"embeddable":true,"href":"https:\/\/www.sanacon.be\/fr\/wp-json\/wp\/v2\/comments?post=2742"}],"version-history":[{"count":2,"href":"https:\/\/www.sanacon.be\/fr\/wp-json\/wp\/v2\/pages\/2742\/revisions"}],"predecessor-version":[{"id":3366,"href":"https:\/\/www.sanacon.be\/fr\/wp-json\/wp\/v2\/pages\/2742\/revisions\/3366"}],"wp:attachment":[{"href":"https:\/\/www.sanacon.be\/fr\/wp-json\/wp\/v2\/media?parent=2742"}],"curies":[{"name":"wp","href":"https:\/\/api.w.org\/{rel}","templated":true}]}}